{"id":264,"date":"2017-05-03T20:04:34","date_gmt":"2017-05-03T20:04:34","guid":{"rendered":"http:\/\/rotolasermexico.com\/?page_id=264"},"modified":"2019-10-25T06:01:55","modified_gmt":"2019-10-25T06:01:55","slug":"linea-de-archivo","status":"publish","type":"page","link":"https:\/\/rotolasermexico.com\/?page_id=264","title":{"rendered":"Linea de Archivo"},"content":{"rendered":"<p><img decoding=\"async\" src=\"wp-content\/uploads\/pag-fotos-4.jpg\" alt=\"\"><\/p>\n<div>\n<h3>L\u00ednea de archivo<\/h3>\n<div>Contamos con tecnolog\u00eda especifica de color en base a las condiciones actuales de la impresi\u00f3n de cada cliente utilizando el software BESTCOLOR PROOF 5.0, el cual cuenta con la capacidad de realizar un alto control de calidad,<\/p>\n<p>Contamos con equipos (esc\u00e1ner, monitores, impresoras, grabadoras) calibrados con curvas de color  para cada una de las variables en impresi\u00f3n, como pueden ser el material, lineajes, tipos de impresi\u00f3n<br \/>\n(frente y  reverso) etc.. Generando perfiles ICC<br \/>\nadaptados a las prensas de nuestros clientes, <\/p><\/div>\n<\/div>\n<p><!-- {\"name\":\"\",\"type\":\"layout\",\"children\":[{\"name\":\"Rotomex-abajo\",\"type\":\"section\",\"props\":{\"width\":\"default\",\"padding\":\"small\",\"style\":\"muted\",\"animation\":\"slide-top-small\",\"image_size\":\"\",\"image\":\"\",\"image_position\":\"center-center\",\"height\":\"\",\"image_fixed\":true,\"header_transparent\":\"\",\"padding_remove_top\":false,\"image_visibility\":\"s\",\"overlap\":false,\"padding_remove_bottom\":false,\"vertical_align\":\"middle\",\"title_position\":\"top-left\",\"title_rotation\":\"left\",\"title_breakpoint\":\"xl\",\"image_effect\":\"fixed\"},\"children\":[{\"name\":\"\",\"type\":\"row\",\"props\":{\"fixed_width\":\"large\",\"breakpoint\":\"m\",\"layout\":\"2-3,1-3\",\"match\":true,\"column_gap\":\"\",\"row_gap\":\"\",\"width\":\"\",\"width_expand\":\"\",\"height\":\"\",\"margin\":\"\"},\"children\":[{\"name\":\"\",\"type\":\"column\",\"props\":{\"image_position\":\"center-center\",\"media_overlay_gradient\":\"\",\"vertical_align\":\"middle\",\"style\":\"\",\"text_color\":\"\",\"padding\":\"\"},\"children\":[{\"name\":\"\",\"type\":\"image\",\"props\":{\"margin\":\"default\",\"image\":\"wp-content\\\/uploads\\\/pag-fotos-4.jpg\",\"text_align\":\"center\",\"visibility\":\"\",\"image_border\":\"rounded\",\"image_box_shadow\":\"small\",\"animation\":\"slide-right\",\"image_svg_color\":\"emphasis\"}}]},{\"name\":\"\",\"type\":\"column\",\"props\":{\"image_position\":\"center-center\",\"media_overlay_gradient\":\"\",\"vertical_align\":\"middle\",\"style\":\"\",\"text_color\":\"\",\"padding\":\"\"},\"children\":[{\"name\":\"\",\"type\":\"panel\",\"props\":{\"link_text\":\"Read more\",\"title_element\":\"h3\",\"meta_style\":\"meta\",\"meta_align\":\"below-title\",\"icon_ratio\":4,\"image_align\":\"top\",\"image_grid_width\":\"1-2\",\"link_style\":\"default\",\"margin\":\"default\",\"panel_style\":\"card-primary\",\"panel_size\":\"small\",\"animation\":\"slide-left\",\"title\":\"L\\u00ednea de archivo\",\"content\":\"Contamos con tecnolog\\u00eda especifica de color en base a las condiciones actuales de la impresi\\u00f3n de cada cliente utilizando el software BESTCOLOR PROOF 5.0, el cual cuenta con la capacidad de realizar un alto control de calidad,\\n\\nContamos con equipos (esc\\u00e1ner, monitores, impresoras, grabadoras) calibrados con curvas de color  para cada una de las variables en impresi\\u00f3n, como pueden ser el material, lineajes, tipos de impresi\\u00f3n \\n(frente y  reverso) etc.. Generando perfiles ICC\\nadaptados a las prensas de nuestros clientes, \",\"image_grid_breakpoint\":\"m\",\"title_hover_style\":\"reset\",\"title_align\":\"top\",\"title_grid_width\":\"1-2\",\"title_grid_breakpoint\":\"m\",\"image_svg_color\":\"emphasis\"}}]}]}]}],\"props\":[],\"version\":\"1.22.3\"} --><\/p>\n","protected":false},"excerpt":{"rendered":"<p>L\u00ednea de archivo Contamos con tecnolog\u00eda especifica de color en base a las condiciones actuales de la impresi\u00f3n de cada cliente utilizando el software BESTCOLOR PROOF 5.0, el cual cuenta con la capacidad de realizar un alto control de calidad, Contamos con equipos (esc\u00e1ner, monitores, impresoras, grabadoras) calibrados con curvas de color para cada una [&hellip;]<\/p>\n","protected":false},"author":1,"featured_media":0,"parent":0,"menu_order":0,"comment_status":"closed","ping_status":"closed","template":"","meta":{"footnotes":""},"_links":{"self":[{"href":"https:\/\/rotolasermexico.com\/index.php?rest_route=\/wp\/v2\/pages\/264"}],"collection":[{"href":"https:\/\/rotolasermexico.com\/index.php?rest_route=\/wp\/v2\/pages"}],"about":[{"href":"https:\/\/rotolasermexico.com\/index.php?rest_route=\/wp\/v2\/types\/page"}],"author":[{"embeddable":true,"href":"https:\/\/rotolasermexico.com\/index.php?rest_route=\/wp\/v2\/users\/1"}],"replies":[{"embeddable":true,"href":"https:\/\/rotolasermexico.com\/index.php?rest_route=%2Fwp%2Fv2%2Fcomments&post=264"}],"version-history":[{"count":5,"href":"https:\/\/rotolasermexico.com\/index.php?rest_route=\/wp\/v2\/pages\/264\/revisions"}],"predecessor-version":[{"id":361,"href":"https:\/\/rotolasermexico.com\/index.php?rest_route=\/wp\/v2\/pages\/264\/revisions\/361"}],"wp:attachment":[{"href":"https:\/\/rotolasermexico.com\/index.php?rest_route=%2Fwp%2Fv2%2Fmedia&parent=264"}],"curies":[{"name":"wp","href":"https:\/\/api.w.org\/{rel}","templated":true}]}}