{"id":23,"date":"2017-01-31T16:38:37","date_gmt":"2017-01-31T16:38:37","guid":{"rendered":"http:\/\/localhost\/themes\/Pro\/Sonic\/Website_WP\/index.php\/sponsors\/"},"modified":"2019-10-25T06:01:05","modified_gmt":"2019-10-25T06:01:05","slug":"sponsors","status":"publish","type":"page","link":"https:\/\/rotolasermexico.com\/?page_id=23","title":{"rendered":"Sponsors"},"content":{"rendered":"<p><img decoding=\"async\" src=\"wp-content\/uploads\/Sin-t\u00edtulo-2.jpg\" alt=\"\"><\/p>\n<div>\n<h3>Misi\u00f3n<\/h3>\n<div>Garantizar a los industriales de la<br \/>\nimpresi\u00f3n, cilindros electro grabados<br \/>\nque cumplan con los est\u00e1ndares de<br \/>\ncalidad superiores al resto del<br \/>\nmercado, mejorando d\u00eda a d\u00eda nuestro<br \/>\nservicio.   <\/div>\n<\/div>\n<p><!-- {\"name\":\"\",\"type\":\"layout\",\"children\":[{\"name\":\"Rotomex\",\"type\":\"section\",\"props\":{\"width\":\"default\",\"padding\":\"small\",\"style\":\"muted\",\"animation\":\"slide-top-small\",\"image_size\":\"\",\"image\":\"\",\"image_position\":\"center-center\",\"height\":\"\",\"image_fixed\":true,\"header_transparent\":\"\",\"padding_remove_top\":false,\"image_visibility\":\"s\",\"overlap\":false,\"padding_remove_bottom\":false,\"image_effect\":\"fixed\",\"vertical_align\":\"middle\",\"title_position\":\"top-left\",\"title_rotation\":\"left\",\"title_breakpoint\":\"xl\"},\"children\":[{\"name\":\"\",\"type\":\"row\",\"props\":{\"fixed_width\":\"large\",\"breakpoint\":\"m\",\"layout\":\",\",\"match\":true,\"column_gap\":\"\",\"row_gap\":\"\",\"width\":\"\",\"width_expand\":\"\",\"height\":\"\",\"margin\":\"\"},\"children\":[{\"name\":\"\",\"type\":\"column\",\"props\":{\"image_position\":\"center-center\",\"media_overlay_gradient\":\"\",\"vertical_align\":\"middle\",\"style\":\"\",\"text_color\":\"\",\"padding\":\"\"},\"children\":[{\"name\":\"\",\"type\":\"image\",\"props\":{\"margin\":\"default\",\"image\":\"wp-content\\\/uploads\\\/Sin-t\\u00edtulo-2.jpg\",\"text_align\":\"center\",\"visibility\":\"\",\"image_border\":\"rounded\",\"image_box_shadow\":\"small\",\"animation\":\"slide-right\",\"image_svg_color\":\"emphasis\"}}]},{\"name\":\"\",\"type\":\"column\",\"props\":{\"image_position\":\"center-center\",\"media_overlay_gradient\":\"\",\"vertical_align\":\"middle\",\"style\":\"\",\"text_color\":\"\",\"padding\":\"\"},\"children\":[{\"name\":\"\",\"type\":\"panel\",\"props\":{\"link_text\":\"Read more\",\"title_element\":\"h3\",\"meta_style\":\"meta\",\"meta_align\":\"below-title\",\"icon_ratio\":4,\"image_align\":\"top\",\"image_grid_width\":\"1-2\",\"link_style\":\"default\",\"margin\":\"default\",\"panel_style\":\"card-primary\",\"panel_size\":\"small\",\"animation\":\"slide-left\",\"title\":\"Misi\\u00f3n\",\"content\":\"Garantizar a los industriales de la\\nimpresi\\u00f3n, cilindros electro grabados\\nque cumplan con los est\\u00e1ndares de\\ncalidad superiores al resto del \\nmercado, mejorando d\\u00eda a d\\u00eda nuestro\\nservicio.   \",\"image_grid_breakpoint\":\"m\",\"title_hover_style\":\"reset\",\"title_align\":\"top\",\"title_grid_width\":\"1-2\",\"title_grid_breakpoint\":\"m\",\"image_svg_color\":\"emphasis\"}}]}]}]}],\"props\":[],\"version\":\"1.22.3\"} --><\/p>\n","protected":false},"excerpt":{"rendered":"<p>Misi\u00f3n Garantizar a los industriales de la impresi\u00f3n, cilindros electro grabados que cumplan con los est\u00e1ndares de calidad superiores al resto del mercado, mejorando d\u00eda a d\u00eda nuestro servicio.<\/p>\n","protected":false},"author":1,"featured_media":0,"parent":0,"menu_order":2,"comment_status":"closed","ping_status":"closed","template":"","meta":{"footnotes":""},"_links":{"self":[{"href":"https:\/\/rotolasermexico.com\/index.php?rest_route=\/wp\/v2\/pages\/23"}],"collection":[{"href":"https:\/\/rotolasermexico.com\/index.php?rest_route=\/wp\/v2\/pages"}],"about":[{"href":"https:\/\/rotolasermexico.com\/index.php?rest_route=\/wp\/v2\/types\/page"}],"author":[{"embeddable":true,"href":"https:\/\/rotolasermexico.com\/index.php?rest_route=\/wp\/v2\/users\/1"}],"replies":[{"embeddable":true,"href":"https:\/\/rotolasermexico.com\/index.php?rest_route=%2Fwp%2Fv2%2Fcomments&post=23"}],"version-history":[{"count":4,"href":"https:\/\/rotolasermexico.com\/index.php?rest_route=\/wp\/v2\/pages\/23\/revisions"}],"predecessor-version":[{"id":358,"href":"https:\/\/rotolasermexico.com\/index.php?rest_route=\/wp\/v2\/pages\/23\/revisions\/358"}],"wp:attachment":[{"href":"https:\/\/rotolasermexico.com\/index.php?rest_route=%2Fwp%2Fv2%2Fmedia&parent=23"}],"curies":[{"name":"wp","href":"https:\/\/api.w.org\/{rel}","templated":true}]}}