{"id":22,"date":"2017-01-31T13:59:05","date_gmt":"2017-01-31T13:59:05","guid":{"rendered":"http:\/\/localhost\/themes\/Pro\/Sonic\/Website_WP\/index.php\/location\/"},"modified":"2019-10-25T06:00:43","modified_gmt":"2019-10-25T06:00:43","slug":"location","status":"publish","type":"page","link":"https:\/\/rotolasermexico.com\/?page_id=22","title":{"rendered":"Location"},"content":{"rendered":"<p><img decoding=\"async\" src=\"wp-content\/uploads\/Vision-e1493041494406.jpg\" alt=\"\"><\/p>\n<div>\n<h3>Visi\u00f3n<\/h3>\n<div>Aumentar constantemente nuestra<br \/>\nparticipaci\u00f3n en el mercado mediante la fabricaci\u00f3n de cilindros de calidad que puedan satisfacer las necesidades de la impresi\u00f3n en un sistema de roto-grabado.<\/div>\n<\/div>\n<p><!-- {\"name\":\"\",\"type\":\"layout\",\"children\":[{\"name\":\"Rotomex\",\"type\":\"section\",\"props\":{\"width\":\"default\",\"padding\":\"small\",\"style\":\"muted\",\"animation\":\"slide-right-medium\",\"image_size\":\"\",\"image\":\"\",\"image_position\":\"center-center\",\"height\":\"\",\"image_fixed\":true,\"header_transparent\":\"\",\"padding_remove_top\":false,\"image_visibility\":\"s\",\"overlap\":false,\"padding_remove_bottom\":false,\"image_effect\":\"fixed\",\"vertical_align\":\"middle\",\"title_position\":\"top-left\",\"title_rotation\":\"left\",\"title_breakpoint\":\"xl\"},\"children\":[{\"name\":\"\",\"type\":\"row\",\"props\":{\"fixed_width\":\"large\",\"breakpoint\":\"m\",\"layout\":\",\",\"match\":true,\"column_gap\":\"\",\"row_gap\":\"\",\"width\":\"\",\"width_expand\":\"\",\"height\":\"\",\"margin\":\"\"},\"children\":[{\"name\":\"\",\"type\":\"column\",\"props\":{\"image_position\":\"center-center\",\"media_overlay_gradient\":\"\",\"vertical_align\":\"middle\",\"style\":\"\",\"text_color\":\"\",\"padding\":\"\"},\"children\":[{\"name\":\"\",\"type\":\"image\",\"props\":{\"margin\":\"default\",\"image\":\"wp-content\\\/uploads\\\/Vision-e1493041494406.jpg\",\"text_align\":\"center\",\"visibility\":\"\",\"image_border\":\"rounded\",\"image_box_shadow\":\"small\",\"animation\":\"slide-right\",\"image_svg_color\":\"emphasis\"}}]},{\"name\":\"\",\"type\":\"column\",\"props\":{\"image_position\":\"center-center\",\"media_overlay_gradient\":\"\",\"vertical_align\":\"middle\",\"style\":\"\",\"text_color\":\"\",\"padding\":\"\"},\"children\":[{\"name\":\"\",\"type\":\"panel\",\"props\":{\"link_text\":\"Read more\",\"title_element\":\"h3\",\"meta_style\":\"meta\",\"meta_align\":\"below-title\",\"icon_ratio\":4,\"image_align\":\"top\",\"image_grid_width\":\"1-2\",\"link_style\":\"default\",\"margin\":\"default\",\"panel_style\":\"card-secondary\",\"panel_size\":\"small\",\"animation\":\"slide-left\",\"title\":\"Visi\\u00f3n\",\"content\":\"Aumentar constantemente nuestra\\nparticipaci\\u00f3n en el mercado mediante la fabricaci\\u00f3n de cilindros de calidad que puedan satisfacer las necesidades de la impresi\\u00f3n en un sistema de roto-grabado.\",\"image_grid_breakpoint\":\"m\",\"title_hover_style\":\"reset\",\"title_align\":\"top\",\"title_grid_width\":\"1-2\",\"title_grid_breakpoint\":\"m\",\"image_svg_color\":\"emphasis\"}}]}]}]}],\"props\":[],\"version\":\"1.22.3\"} --><\/p>\n","protected":false},"excerpt":{"rendered":"<p>Visi\u00f3n Aumentar constantemente nuestra participaci\u00f3n en el mercado mediante la fabricaci\u00f3n de cilindros de calidad que puedan satisfacer las necesidades de la impresi\u00f3n en un sistema de roto-grabado.<\/p>\n","protected":false},"author":1,"featured_media":0,"parent":0,"menu_order":3,"comment_status":"closed","ping_status":"closed","template":"","meta":{"footnotes":""},"_links":{"self":[{"href":"https:\/\/rotolasermexico.com\/index.php?rest_route=\/wp\/v2\/pages\/22"}],"collection":[{"href":"https:\/\/rotolasermexico.com\/index.php?rest_route=\/wp\/v2\/pages"}],"about":[{"href":"https:\/\/rotolasermexico.com\/index.php?rest_route=\/wp\/v2\/types\/page"}],"author":[{"embeddable":true,"href":"https:\/\/rotolasermexico.com\/index.php?rest_route=\/wp\/v2\/users\/1"}],"replies":[{"embeddable":true,"href":"https:\/\/rotolasermexico.com\/index.php?rest_route=%2Fwp%2Fv2%2Fcomments&post=22"}],"version-history":[{"count":5,"href":"https:\/\/rotolasermexico.com\/index.php?rest_route=\/wp\/v2\/pages\/22\/revisions"}],"predecessor-version":[{"id":357,"href":"https:\/\/rotolasermexico.com\/index.php?rest_route=\/wp\/v2\/pages\/22\/revisions\/357"}],"wp:attachment":[{"href":"https:\/\/rotolasermexico.com\/index.php?rest_route=%2Fwp%2Fv2%2Fmedia&parent=22"}],"curies":[{"name":"wp","href":"https:\/\/api.w.org\/{rel}","templated":true}]}}