{"id":21,"date":"2017-01-31T10:57:51","date_gmt":"2017-01-31T10:57:51","guid":{"rendered":"http:\/\/localhost\/themes\/Pro\/Sonic\/Website_WP\/index.php\/schedule\/"},"modified":"2019-10-25T06:00:19","modified_gmt":"2019-10-25T06:00:19","slug":"schedule","status":"publish","type":"page","link":"https:\/\/rotolasermexico.com\/?page_id=21","title":{"rendered":"Schedule"},"content":{"rendered":"<p><img decoding=\"async\" src=\"wp-content\/uploads\/politica.jpg\" alt=\"\"><\/p>\n<div>\n<h3>Pol\u00edtica<\/h3>\n<div>Prestar servicios de dise\u00f1o, desarrollo y fabricaci\u00f3n  de rodillos de acero, electrograbados, para la industria de la impresi\u00f3n en el sistema de rotograbado, considerando la calidad, el respeto al medio ambiente y la garant\u00eda de seguridad y salud de nuestros trabajadores, como factores estrat\u00e9gicos y primordiales para matener un alto nivel de compromiso con nuestros clientes.<\/p>\n<p>Conseguir la plena satisfacci\u00f3n de nuestros clientes cumpliendo sus requisitos, al menor costo, controlando los impactos medioambientalesy evitando que nuestros empleados vean peligrar su seguridad y salud en este desempe\u00f1o.<\/p>\n<p>Establecer objetivos para mejorar continuamente la calidad de nuestros productos, la SySO y los aspectos ambientales, en el entorno de acci\u00f3n de nuestra organizaci\u00f3n.<\/p>\n<p>El cumplimiento de la legislaci\u00f3n y reglamentaciones aplicables a los tres entornos; as\u00ed como, el compromiso de satisfacer otros equipos que la organizaci\u00f3n considere necesarios.<\/p>\n<p>Alcanzar la mejora continua, bajo el enfoque de las normas ISO 9001, ISO 14001 y OHSAS 18001.<\/p><\/div>\n<\/div>\n<p><!-- {\"name\":\"\",\"type\":\"layout\",\"children\":[{\"name\":\"Rotomex\",\"type\":\"section\",\"props\":{\"width\":\"default\",\"padding\":\"small\",\"style\":\"muted\",\"animation\":\"slide-top-small\",\"image_size\":\"\",\"image\":\"\",\"image_position\":\"center-center\",\"height\":\"\",\"image_fixed\":true,\"header_transparent\":\"\",\"padding_remove_top\":false,\"image_visibility\":\"s\",\"overlap\":false,\"padding_remove_bottom\":false,\"image_effect\":\"fixed\",\"vertical_align\":\"middle\",\"title_position\":\"top-left\",\"title_rotation\":\"left\",\"title_breakpoint\":\"xl\"},\"children\":[{\"name\":\"\",\"type\":\"row\",\"props\":{\"fixed_width\":\"large\",\"breakpoint\":\"m\",\"layout\":\",\",\"match\":true,\"column_gap\":\"\",\"row_gap\":\"\",\"width\":\"\",\"width_expand\":\"\",\"height\":\"\",\"margin\":\"\"},\"children\":[{\"name\":\"\",\"type\":\"column\",\"props\":{\"image_position\":\"center-center\",\"media_overlay_gradient\":\"\",\"vertical_align\":\"middle\",\"style\":\"\",\"text_color\":\"\",\"padding\":\"\"},\"children\":[{\"name\":\"\",\"type\":\"image\",\"props\":{\"margin\":\"default\",\"image\":\"wp-content\\\/uploads\\\/politica.jpg\",\"text_align\":\"center\",\"visibility\":\"\",\"image_border\":\"rounded\",\"image_box_shadow\":\"small\",\"animation\":\"slide-right\",\"image_svg_color\":\"emphasis\"}}]},{\"name\":\"\",\"type\":\"column\",\"props\":{\"image_position\":\"center-center\",\"media_overlay_gradient\":\"\",\"vertical_align\":\"middle\",\"style\":\"\",\"text_color\":\"\",\"padding\":\"\"},\"children\":[{\"name\":\"\",\"type\":\"panel\",\"props\":{\"link_text\":\"Read more\",\"title_element\":\"h3\",\"meta_style\":\"meta\",\"meta_align\":\"below-title\",\"icon_ratio\":4,\"image_align\":\"top\",\"image_grid_width\":\"1-2\",\"link_style\":\"default\",\"margin\":\"default\",\"panel_style\":\"card-primary\",\"panel_size\":\"small\",\"animation\":\"slide-left\",\"title\":\"Pol\\u00edtica\",\"content\":\"Prestar servicios de dise\\u00f1o, desarrollo y fabricaci\\u00f3n  de rodillos de acero, electrograbados, para la industria de la impresi\\u00f3n en el sistema de rotograbado, considerando la calidad, el respeto al medio ambiente y la garant\\u00eda de seguridad y salud de nuestros trabajadores, como factores estrat\\u00e9gicos y primordiales para matener un alto nivel de compromiso con nuestros clientes.\\n\\nConseguir la plena satisfacci\\u00f3n de nuestros clientes cumpliendo sus requisitos, al menor costo, controlando los impactos medioambientalesy evitando que nuestros empleados vean peligrar su seguridad y salud en este desempe\\u00f1o.\\n\\nEstablecer objetivos para mejorar continuamente la calidad de nuestros productos, la SySO y los aspectos ambientales, en el entorno de acci\\u00f3n de nuestra organizaci\\u00f3n.\\n\\nEl cumplimiento de la legislaci\\u00f3n y reglamentaciones aplicables a los tres entornos; as\\u00ed como, el compromiso de satisfacer otros equipos que la organizaci\\u00f3n considere necesarios.\\n\\nAlcanzar la mejora continua, bajo el enfoque de las normas ISO 9001, ISO 14001 y OHSAS 18001.\",\"image_grid_breakpoint\":\"m\",\"title_hover_style\":\"reset\",\"title_align\":\"top\",\"title_grid_width\":\"1-2\",\"title_grid_breakpoint\":\"m\",\"image_svg_color\":\"emphasis\"}}]}]}]}],\"props\":[],\"version\":\"1.22.3\"} --><\/p>\n","protected":false},"excerpt":{"rendered":"<p>Pol\u00edtica Prestar servicios de dise\u00f1o, desarrollo y fabricaci\u00f3n de rodillos de acero, electrograbados, para la industria de la impresi\u00f3n en el sistema de rotograbado, considerando la calidad, el respeto al medio ambiente y la garant\u00eda de seguridad y salud de nuestros trabajadores, como factores estrat\u00e9gicos y primordiales para matener un alto nivel de compromiso con [&hellip;]<\/p>\n","protected":false},"author":1,"featured_media":0,"parent":0,"menu_order":4,"comment_status":"closed","ping_status":"closed","template":"","meta":{"footnotes":""},"_links":{"self":[{"href":"https:\/\/rotolasermexico.com\/index.php?rest_route=\/wp\/v2\/pages\/21"}],"collection":[{"href":"https:\/\/rotolasermexico.com\/index.php?rest_route=\/wp\/v2\/pages"}],"about":[{"href":"https:\/\/rotolasermexico.com\/index.php?rest_route=\/wp\/v2\/types\/page"}],"author":[{"embeddable":true,"href":"https:\/\/rotolasermexico.com\/index.php?rest_route=\/wp\/v2\/users\/1"}],"replies":[{"embeddable":true,"href":"https:\/\/rotolasermexico.com\/index.php?rest_route=%2Fwp%2Fv2%2Fcomments&post=21"}],"version-history":[{"count":16,"href":"https:\/\/rotolasermexico.com\/index.php?rest_route=\/wp\/v2\/pages\/21\/revisions"}],"predecessor-version":[{"id":356,"href":"https:\/\/rotolasermexico.com\/index.php?rest_route=\/wp\/v2\/pages\/21\/revisions\/356"}],"wp:attachment":[{"href":"https:\/\/rotolasermexico.com\/index.php?rest_route=%2Fwp%2Fv2%2Fmedia&parent=21"}],"curies":[{"name":"wp","href":"https:\/\/api.w.org\/{rel}","templated":true}]}}