{"id":19,"date":"2013-11-16T00:00:00","date_gmt":"2013-11-16T00:00:00","guid":{"rendered":"http:\/\/localhost\/themes\/Pro\/Sonic\/Website_WP\/index.php\/getting-started\/"},"modified":"2019-10-25T19:33:10","modified_gmt":"2019-10-25T19:33:10","slug":"getting-started","status":"publish","type":"page","link":"https:\/\/rotolasermexico.com\/","title":{"rendered":"Home"},"content":{"rendered":"<p><img decoding=\"async\" src=\"wp-content\/uploads\/WhatsApp-Image-2019-10-25-at-11.47.01.jpeg\" alt=\"\"><\/p>\n<div>\n<h3>La Empresa<\/h3>\n<div>Inici\u00f3 sus operaciones en 2003, con base an la teor\u00eda administrativa y t\u00e9cnica de fabricaci\u00f3n en grupo, y gracias al esfuerzo de nuestros empleados, establecimos una relaci\u00f3n comercial con rotoimpresores mexicanos. El mercado que hemos logrado abarcar en este corto periodo de desarrollo nos a permitodo tener ventas en diferentes ciudades de la Rep\u00fablica Mexicana.<\/p>\n<p>Nuestra compa\u00f1ia pretende expandirse a centro y Sudam\u00e9rica es por ello que tenemos ejecutivos comerciales en estos pa\u00edses, por que queremos ser una oferta atractiva para el mercado de la Rotoimpresi\u00f3n.<\/p>\n<p>ROTOGRABADO ELECTR\u00d3NICO Y L\u00c1SER S.A. de C.V. el desarrollo tecnol\u00f3gico es constante, para as\u00ed satisfacer las necesidades y especificaciones de nuesros clientes.<\/p><\/div>\n<\/div>\n<p><!-- {\"name\":\"Home\",\"type\":\"layout\",\"children\":[{\"name\":\"Rotomex\",\"type\":\"section\",\"props\":{\"width\":\"default\",\"padding\":\"small\",\"style\":\"muted\",\"animation\":\"slide-top-small\",\"image_size\":\"\",\"image\":\"\",\"image_position\":\"center-center\",\"height\":\"\",\"image_fixed\":true,\"header_transparent\":\"\",\"padding_remove_top\":false,\"image_visibility\":\"s\",\"overlap\":false,\"padding_remove_bottom\":false,\"image_effect\":\"fixed\",\"vertical_align\":\"middle\",\"title_position\":\"top-left\",\"title_rotation\":\"left\",\"title_breakpoint\":\"xl\"},\"children\":[{\"name\":\"\",\"type\":\"row\",\"props\":{\"fixed_width\":\"large\",\"breakpoint\":\"m\",\"layout\":\",\",\"match\":true,\"column_gap\":\"\",\"row_gap\":\"\",\"width\":\"\",\"width_expand\":\"\",\"height\":\"\",\"margin\":\"\"},\"children\":[{\"name\":\"\",\"type\":\"column\",\"props\":{\"image_position\":\"center-center\",\"media_overlay_gradient\":\"\",\"vertical_align\":\"middle\",\"style\":\"\",\"text_color\":\"\",\"padding\":\"\"},\"children\":[{\"name\":\"\",\"type\":\"image\",\"props\":{\"margin\":\"default\",\"image\":\"wp-content\\\/uploads\\\/WhatsApp-Image-2019-10-25-at-11.47.01.jpeg\",\"text_align\":\"center\",\"visibility\":\"\",\"image_border\":\"rounded\",\"image_box_shadow\":\"small\",\"animation\":\"slide-right\",\"image_svg_color\":\"emphasis\",\"link_target\":\"\",\"image_hover_box_shadow\":\"\",\"image_box_decoration\":\"\",\"position\":\"\",\"position_z_index\":\"\",\"maxwidth\":\"\",\"maxwidth_breakpoint\":\"\",\"block_align\":\"\",\"block_align_breakpoint\":\"\",\"block_align_fallback\":\"\",\"text_align_breakpoint\":\"\",\"text_align_fallback\":\"\",\"image_height\":\"\",\"image_svg_inline\":false}}]},{\"name\":\"\",\"type\":\"column\",\"props\":{\"image_position\":\"center-center\",\"media_overlay_gradient\":\"\",\"vertical_align\":\"middle\",\"style\":\"\",\"text_color\":\"\",\"padding\":\"\"},\"children\":[{\"name\":\"\",\"type\":\"panel\",\"props\":{\"link_text\":\"Read more\",\"title_element\":\"h3\",\"meta_style\":\"meta\",\"meta_align\":\"below-title\",\"icon_ratio\":4,\"image_align\":\"top\",\"image_grid_width\":\"1-2\",\"link_style\":\"default\",\"margin\":\"default\",\"panel_style\":\"card-primary\",\"panel_size\":\"small\",\"animation\":\"slide-left\",\"title\":\"La Empresa\",\"content\":\"Inici\\u00f3 sus operaciones en 2003, con base an la teor\\u00eda administrativa y t\\u00e9cnica de fabricaci\\u00f3n en grupo, y gracias al esfuerzo de nuestros empleados, establecimos una relaci\\u00f3n comercial con rotoimpresores mexicanos. El mercado que hemos logrado abarcar en este corto periodo de desarrollo nos a permitodo tener ventas en diferentes ciudades de la Rep\\u00fablica Mexicana.\\n\\nNuestra compa\\u00f1ia pretende expandirse a centro y Sudam\\u00e9rica es por ello que tenemos ejecutivos comerciales en estos pa\\u00edses, por que queremos ser una oferta atractiva para el mercado de la Rotoimpresi\\u00f3n.\\n\\nROTOGRABADO ELECTR\\u00d3NICO Y L\\u00c1SER S.A. de C.V. el desarrollo tecnol\\u00f3gico es constante, para as\\u00ed satisfacer las necesidades y especificaciones de nuesros clientes.\",\"image_grid_breakpoint\":\"m\",\"title_hover_style\":\"reset\",\"title_align\":\"top\",\"title_grid_width\":\"1-2\",\"title_grid_breakpoint\":\"m\",\"image_svg_color\":\"emphasis\"}}]}]}]}],\"props\":[],\"version\":\"1.22.3\"} --><\/p>\n","protected":false},"excerpt":{"rendered":"<p>La Empresa Inici\u00f3 sus operaciones en 2003, con base an la teor\u00eda administrativa y t\u00e9cnica de fabricaci\u00f3n en grupo, y gracias al esfuerzo de nuestros empleados, establecimos una relaci\u00f3n comercial con rotoimpresores mexicanos. El mercado que hemos logrado abarcar en este corto periodo de desarrollo nos a permitodo tener ventas en diferentes ciudades de la [&hellip;]<\/p>\n","protected":false},"author":1,"featured_media":0,"parent":0,"menu_order":6,"comment_status":"closed","ping_status":"closed","template":"","meta":{"footnotes":""},"_links":{"self":[{"href":"https:\/\/rotolasermexico.com\/index.php?rest_route=\/wp\/v2\/pages\/19"}],"collection":[{"href":"https:\/\/rotolasermexico.com\/index.php?rest_route=\/wp\/v2\/pages"}],"about":[{"href":"https:\/\/rotolasermexico.com\/index.php?rest_route=\/wp\/v2\/types\/page"}],"author":[{"embeddable":true,"href":"https:\/\/rotolasermexico.com\/index.php?rest_route=\/wp\/v2\/users\/1"}],"replies":[{"embeddable":true,"href":"https:\/\/rotolasermexico.com\/index.php?rest_route=%2Fwp%2Fv2%2Fcomments&post=19"}],"version-history":[{"count":17,"href":"https:\/\/rotolasermexico.com\/index.php?rest_route=\/wp\/v2\/pages\/19\/revisions"}],"predecessor-version":[{"id":365,"href":"https:\/\/rotolasermexico.com\/index.php?rest_route=\/wp\/v2\/pages\/19\/revisions\/365"}],"wp:attachment":[{"href":"https:\/\/rotolasermexico.com\/index.php?rest_route=%2Fwp%2Fv2%2Fmedia&parent=19"}],"curies":[{"name":"wp","href":"https:\/\/api.w.org\/{rel}","templated":true}]}}